{"id":2263,"date":"2024-10-31T01:17:30","date_gmt":"2024-10-31T08:17:30","guid":{"rendered":"https:\/\/worldautoauction.com\/quienes-somos\/"},"modified":"2025-01-22T16:01:27","modified_gmt":"2025-01-23T00:01:27","slug":"quienes-somos","status":"publish","type":"page","link":"https:\/\/worldautoauction.com\/es\/quienes-somos\/","title":{"rendered":"Qui\u00e9nes somos"},"content":{"rendered":"\n<div class=\"wp-block-cover\"><span aria-hidden=\"true\" class=\"wp-block-cover__background has-background-dim\" style=\"background-color:#787878\"><\/span><img fetchpriority=\"high\" decoding=\"async\" width=\"960\" height=\"641\" class=\"wp-block-cover__image-background wp-image-1679\" alt=\"\" src=\"https:\/\/worldautoauction.com\/wp-content\/uploads\/2024\/12\/image-1.jpeg\" data-object-fit=\"cover\" srcset=\"https:\/\/worldautoauction.com\/wp-content\/uploads\/2024\/12\/image-1.jpeg 960w, https:\/\/worldautoauction.com\/wp-content\/uploads\/2024\/12\/image-1-600x401.jpeg 600w, https:\/\/worldautoauction.com\/wp-content\/uploads\/2024\/12\/image-1-300x200.jpeg 300w, https:\/\/worldautoauction.com\/wp-content\/uploads\/2024\/12\/image-1-768x513.jpeg 768w\" sizes=\"(max-width: 960px) 100vw, 960px\" \/><div class=\"wp-block-cover__inner-container is-layout-constrained wp-block-cover-is-layout-constrained\">\n<p class=\"has-text-align-center has-x-large-font-size\" style=\"font-style:normal;font-weight:700\">SOBRE NOSOTROS<\/p>\n<\/div><\/div>\n\n<div style=\"height:100px\" aria-hidden=\"true\" class=\"wp-block-spacer\"><\/div>\n\n<div class=\"wp-block-columns is-layout-flex wp-container-core-columns-is-layout-9d6595d7 wp-block-columns-is-layout-flex\">\n<div class=\"wp-block-column is-layout-flow wp-block-column-is-layout-flow\" style=\"flex-basis:25%\"><\/div>\n\n\n\n<div class=\"wp-block-column is-layout-flow wp-block-column-is-layout-flow\" style=\"flex-basis:50%\">\n<p class=\"has-black-color has-pale-cyan-blue-background-color has-text-color has-background has-link-color has-medium-font-size wp-elements-da1c3f2b2dbe7afc66b77692ae37fa84\" style=\"font-style:normal;font-weight:700\">En WORLD AUTO AUCTION creemos que tener un coche debe ser una alegr\u00eda accesible, no una carga financiera.  <\/p>\n\n\n\n<ul class=\"wp-block-list\">\n<li class=\"has-small-font-size\">Fundada por amigos de toda la vida y entusiastas apasionados de los coches, nuestra misi\u00f3n es conectar a la gente con veh\u00edculos asequibles, fiables y divertidos, incluso en el dif\u00edcil mercado actual.<\/li>\n<\/ul>\n\n\n\n<ul class=\"wp-block-list has-small-font-size\">\n<li class=\"has-small-font-size\">Vendedores, \u00bfalguna vez hab\u00e9is tenido una buena experiencia intentando vender un coche en Craigslist, Facebook Marketplace u otra plataforma de la competencia? \u00bfFue f\u00e1cil?<\/li>\n\n\n\n<li class=\"has-small-font-size\">Compradores, \u00bfest\u00e1is cansados de los cebos de los vendedores o de los anuncios inexactos?  <\/li>\n\n\n\n<li class=\"has-small-font-size\">\u00bfTe gusta negociar? \u00bfEst\u00e1s dejando dinero sobre la mesa?<\/li>\n\n\n\n<li class=\"has-small-font-size\">En el mercado actual, donde el coste de los coches est\u00e1 fuera de control y los tipos de inter\u00e9s son astron\u00f3micos, nos esforzamos por ofrecer a los compradores opciones de transporte fiables sin quebrar el banco.<\/li>\n\n\n\n<li class=\"has-small-font-size\">Al mismo tiempo, ofrecemos a los vendedores una plataforma racionalizada para conectar con compradores serios, eliminando los quebraderos de cabeza que suelen asociarse a los mercados de redes sociales abarrotados y poco fiables.  <\/li>\n\n\n\n<li class=\"has-small-font-size\">Al centrarnos en estos veh\u00edculos a menudo olvidados, pretendemos crear un entorno beneficioso para todos: los compradores encuentran los veh\u00edculos fiables que necesitan a precios asequibles, y los vendedores mueven sus coches m\u00e1s r\u00e1pido y con mayor facilidad.  <\/li>\n\n\n\n<li class=\"has-small-font-size\">WorldAutoAuction.com se dedica a transformar la experiencia de las subastas de coches, haci\u00e9ndola m\u00e1s accesible, fiable y eficiente para todos los implicados.<\/li>\n<\/ul>\n\n\n\n<h2 class=\"wp-block-heading has-white-color has-luminous-vivid-orange-background-color has-text-color has-background has-link-color has-medium-font-size wp-elements-30645e394a52a83a219a9a6ddcc8da74\">Nuestra historia<\/h2>\n\n\n\n<ul class=\"wp-block-list\">\n<li class=\"has-small-font-size\">Bobby y Kevin crecieron compartiendo el amor por todo lo relacionado con el autom\u00f3vil. Frustrados por la subida vertiginosa de los precios en el mercado automovil\u00edstico, imaginaron una plataforma que pudiera ofrecer grandes veh\u00edculos sin el elevado precio. Combinando su experiencia y dedicaci\u00f3n, lanzaron Subasta Mundial de Autom\u00f3viles para hacer realidad esta visi\u00f3n.<\/li>\n<\/ul>\n\n\n\n<h2 class=\"wp-block-heading has-white-color has-luminous-vivid-amber-background-color has-text-color has-background has-link-color has-medium-font-size wp-elements-737b9a99c4dd4f95c1865a1cce9d79a0\">Qu\u00e9 ofrecemos<\/h2>\n\n\n\n<ul class=\"wp-block-list\">\n<li class=\"has-small-font-size\">World Auto Auction es tu destino para encontrar ofertas incre\u00edbles en una amplia gama de veh\u00edculos. Tanto si buscas un veh\u00edculo fiable para el d\u00eda a d\u00eda como un veh\u00edculo deportivo para el fin de semana, hemos preparado una amplia selecci\u00f3n para satisfacer tus necesidades.<\/li>\n<\/ul>\n\n\n\n<h2 class=\"wp-block-heading has-white-color has-pale-cyan-blue-background-color has-text-color has-background has-link-color has-medium-font-size wp-elements-e7276ce23636e4bdbabedc6e7d1510af\">\u00bfPor qu\u00e9 elegirnos?<\/h2>\n\n\n\n<p><\/p>\n\n\n\n<ul class=\"wp-block-list\">\n<li class=\"has-small-font-size\"><strong>Precios asequibles<\/strong>: Buscamos incansablemente las mejores ofertas para trasladarte el ahorro.<\/li>\n\n\n\n<li class=\"has-small-font-size\"><strong>Veh\u00edculos fiables<\/strong>: Todos los coches se examinan cuidadosamente para garantizar que cumplen nuestras normas de calidad y rendimiento.<\/li>\n\n\n\n<li class=\"has-small-font-size\"><strong>Equipo apasionado<\/strong>: Como entusiastas de los coches que somos, entendemos lo que hace que un veh\u00edculo sea especial.<\/li>\n\n\n\n<li class=\"has-small-font-size\"><strong>Proceso transparente<\/strong>: Proporcionamos informaci\u00f3n detallada y el historial de cada veh\u00edculo, para que puedas pujar con confianza.<\/li>\n\n\n\n<li class=\"has-small-font-size\"><strong>Atenci\u00f3n al cliente<\/strong>: Nuestro equipo est\u00e1 aqu\u00ed para ayudarte en cada paso, desde la navegaci\u00f3n hasta la compra final.<\/li>\n<\/ul>\n\n\n\n<p><\/p>\n\n\n\n<ol class=\"wp-block-list\">\n<li class=\"has-small-font-size\"><strong>Sin comisiones de vendedor:<\/strong> \u00a1Qu\u00e9date con todos tus beneficios! (Pregunta por nuestra opci\u00f3n de consignaci\u00f3n si quieres que nos encarguemos de todo de principio a fin, fotos, gesti\u00f3n postventa y transporte).<\/li>\n\n\n\n<li class=\"has-small-font-size\"><strong>Honorarios del comprador inmejorables<\/strong>: Nos enorgullecemos de tener unas de las comisiones m\u00e1s bajas del sector, con un m\u00ednimo de <strong> 225 $<\/strong> y un m\u00e1ximo de <strong> 4.000 $<\/strong>. Estos precios transparentes garantizan que te quedes con m\u00e1s dinero, tanto si compras un veh\u00edculo nuevo como si ganas con una venta.<\/li>\n\n\n\n<li class=\"has-small-font-size\"><strong>Informes gratuitos del historial del veh\u00edculo<\/strong>: Creemos en la transparencia total. Por eso proporcionamos informes completos del historial del veh\u00edculo para cada coche de nuestra plataforma sin coste adicional. Toma decisiones informadas con confianza, conociendo todos los antecedentes del veh\u00edculo que te interesa.<\/li>\n\n\n\n<li class=\"has-small-font-size\"><strong>Asistencia personalizada<\/strong>: Como peque\u00f1a empresa dedicada, vamos m\u00e1s all\u00e1 para ofrecer asistencia personalizada tanto a vendedores como a compradores. Nuestro equipo se compromete a guiarte en cada paso del proceso de subasta, garantizando una experiencia agradable y sin complicaciones.<\/li>\n<\/ol>\n\n\n\n<ul class=\"wp-block-list\">\n<li class=\"has-small-font-size\">En <strong>World Auto Auction<\/strong>, combinamos asequibilidad, transparencia y un excepcional servicio de atenci\u00f3n al cliente para proporcionarte la mejor experiencia de subasta posible. El\u00edgenos y descubre la diferencia que marcan la pasi\u00f3n y la dedicaci\u00f3n.<\/li>\n<\/ul>\n\n\n\n<h2 class=\"wp-block-heading has-white-color has-luminous-vivid-orange-background-color has-text-color has-background has-link-color has-medium-font-size wp-elements-01fb8b79b09c6bee9182db4d5fe2dd93\">Compromiso<\/h2>\n\n\n\n<ul class=\"wp-block-list\">\n<li class=\"has-small-font-size\">Nos dedicamos a hacer realidad la propiedad de un coche para m\u00e1s gente, ofreciendo veh\u00edculos divertidos y fiables. En World Auto Auction, no eres s\u00f3lo un cliente: formas parte de una comunidad que valora la honradez, la calidad y un valor excepcional.<\/li>\n<\/ul>\n\n\n\n<p class=\"has-white-color has-luminous-vivid-amber-background-color has-text-color has-background has-link-color has-medium-font-size wp-elements-a1cfa1f4dd160a1deb66a5c5aa39bd24\" style=\"text-transform:capitalize\">  \u00danete a nosotros  <\/p>\n\n\n\n<ul class=\"wp-block-list\">\n<li class=\"has-small-font-size\">Descubre lo f\u00e1cil y agradable que puede ser comprar un coche. Explora nuestras subastas en directo y encuentra tu pr\u00f3xima moto a un precio que te encantar\u00e1.<\/li>\n<\/ul>\n\n\n\n<p class=\"has-pale-cyan-blue-background-color has-background has-medium-font-size\">Subasta Mundial de Autom\u00f3viles: aportando valor y alegr\u00eda.<\/p>\n<\/div>\n\n\n\n<div class=\"wp-block-column is-layout-flow wp-block-column-is-layout-flow\" style=\"flex-basis:25%\"><\/div>\n<\/div>\n\n<p><\/p>\n","protected":false},"excerpt":{"rendered":"<p>En WORLD AUTO AUCTION creemos que tener un coche debe ser una alegr\u00eda accesible, no una carga financiera. Nuestra historia Qu\u00e9 ofrecemos \u00bfPor qu\u00e9 elegirnos? Compromiso \u00danete a nosotros Subasta Mundial de Autom\u00f3viles: aportando valor y alegr\u00eda.<\/p>\n","protected":false},"author":1,"featured_media":0,"parent":0,"menu_order":0,"comment_status":"close","ping_status":"close","template":"","meta":{"_acf_changed":false,"jetpack_post_was_ever_published":false,"footnotes":""},"class_list":["post-2263","page","type-page","status-publish","hentry"],"acf":[],"yoast_head":"<!-- This site is optimized with the Yoast SEO plugin v25.7 - https:\/\/yoast.com\/wordpress\/plugins\/seo\/ -->\n<title>Qui\u00e9nes somos - World Auto Auction<\/title>\n<meta name=\"robots\" content=\"index, follow, max-snippet:-1, max-image-preview:large, max-video-preview:-1\" \/>\n<link rel=\"canonical\" href=\"https:\/\/worldautoauction.com\/es\/quienes-somos\/\" \/>\n<meta property=\"og:locale\" content=\"es_ES\" \/>\n<meta property=\"og:type\" content=\"article\" \/>\n<meta property=\"og:title\" content=\"Qui\u00e9nes somos - World Auto Auction\" \/>\n<meta property=\"og:description\" content=\"En WORLD AUTO AUCTION creemos que tener un coche debe ser una alegr\u00eda accesible, no una carga financiera. Nuestra historia Qu\u00e9 ofrecemos \u00bfPor qu\u00e9 elegirnos? Compromiso \u00danete a nosotros Subasta Mundial de Autom\u00f3viles: aportando valor y alegr\u00eda.\" \/>\n<meta property=\"og:url\" content=\"https:\/\/worldautoauction.com\/es\/quienes-somos\/\" \/>\n<meta property=\"og:site_name\" content=\"World Auto Auction\" \/>\n<meta property=\"article:publisher\" content=\"https:\/\/www.facebook.com\/Worldautoauction\/\" \/>\n<meta property=\"article:modified_time\" content=\"2025-01-23T00:01:27+00:00\" \/>\n<meta property=\"og:image\" content=\"https:\/\/worldautoauction.com\/wp-content\/uploads\/2024\/12\/image-1.jpeg\" \/>\n<meta name=\"twitter:card\" content=\"summary_large_image\" \/>\n<meta name=\"twitter:site\" content=\"@WAutoAuction\" \/>\n<meta name=\"twitter:label1\" content=\"Tiempo de lectura\" \/>\n\t<meta name=\"twitter:data1\" content=\"4 minutos\" \/>\n<!-- \/ Yoast SEO plugin. -->","yoast_head_json":{"title":"Qui\u00e9nes somos - World Auto Auction","robots":{"index":"index","follow":"follow","max-snippet":"max-snippet:-1","max-image-preview":"max-image-preview:large","max-video-preview":"max-video-preview:-1"},"canonical":"https:\/\/worldautoauction.com\/es\/quienes-somos\/","og_locale":"es_ES","og_type":"article","og_title":"Qui\u00e9nes somos - World Auto Auction","og_description":"En WORLD AUTO AUCTION creemos que tener un coche debe ser una alegr\u00eda accesible, no una carga financiera. Nuestra historia Qu\u00e9 ofrecemos \u00bfPor qu\u00e9 elegirnos? Compromiso \u00danete a nosotros Subasta Mundial de Autom\u00f3viles: aportando valor y alegr\u00eda.","og_url":"https:\/\/worldautoauction.com\/es\/quienes-somos\/","og_site_name":"World Auto Auction","article_publisher":"https:\/\/www.facebook.com\/Worldautoauction\/","article_modified_time":"2025-01-23T00:01:27+00:00","og_image":[{"url":"https:\/\/worldautoauction.com\/wp-content\/uploads\/2024\/12\/image-1.jpeg","type":"","width":"","height":""}],"twitter_card":"summary_large_image","twitter_site":"@WAutoAuction","twitter_misc":{"Tiempo de lectura":"4 minutos"},"schema":{"@context":"https:\/\/schema.org","@graph":[{"@type":"WebPage","@id":"https:\/\/worldautoauction.com\/es\/quienes-somos\/","url":"https:\/\/worldautoauction.com\/es\/quienes-somos\/","name":"Qui\u00e9nes somos - World Auto Auction","isPartOf":{"@id":"https:\/\/worldautoauction.com\/es\/#website"},"primaryImageOfPage":{"@id":"https:\/\/worldautoauction.com\/es\/quienes-somos\/#primaryimage"},"image":{"@id":"https:\/\/worldautoauction.com\/es\/quienes-somos\/#primaryimage"},"thumbnailUrl":"https:\/\/worldautoauction.com\/wp-content\/uploads\/2024\/12\/image-1.jpeg","datePublished":"2024-10-31T08:17:30+00:00","dateModified":"2025-01-23T00:01:27+00:00","breadcrumb":{"@id":"https:\/\/worldautoauction.com\/es\/quienes-somos\/#breadcrumb"},"inLanguage":"es","potentialAction":[{"@type":"ReadAction","target":["https:\/\/worldautoauction.com\/es\/quienes-somos\/"]}]},{"@type":"ImageObject","inLanguage":"es","@id":"https:\/\/worldautoauction.com\/es\/quienes-somos\/#primaryimage","url":"https:\/\/worldautoauction.com\/wp-content\/uploads\/2024\/12\/image-1.jpeg","contentUrl":"https:\/\/worldautoauction.com\/wp-content\/uploads\/2024\/12\/image-1.jpeg"},{"@type":"BreadcrumbList","@id":"https:\/\/worldautoauction.com\/es\/quienes-somos\/#breadcrumb","itemListElement":[{"@type":"ListItem","position":1,"name":"Home","item":"https:\/\/worldautoauction.com\/es\/inicio-2\/"},{"@type":"ListItem","position":2,"name":"Qui\u00e9nes somos"}]},{"@type":"WebSite","@id":"https:\/\/worldautoauction.com\/es\/#website","url":"https:\/\/worldautoauction.com\/es\/","name":"World Auto Auction","description":"Quality Used Cars Auctioned at Low Prices.","publisher":{"@id":"https:\/\/worldautoauction.com\/es\/#organization"},"alternateName":"Worldautoauction","potentialAction":[{"@type":"SearchAction","target":{"@type":"EntryPoint","urlTemplate":"https:\/\/worldautoauction.com\/es\/?s={search_term_string}"},"query-input":{"@type":"PropertyValueSpecification","valueRequired":true,"valueName":"search_term_string"}}],"inLanguage":"es"},{"@type":"Organization","@id":"https:\/\/worldautoauction.com\/es\/#organization","name":"World Auto Auction","alternateName":"WorldAutoAuction","url":"https:\/\/worldautoauction.com\/es\/","logo":{"@type":"ImageObject","inLanguage":"es","@id":"https:\/\/worldautoauction.com\/es\/#\/schema\/logo\/image\/","url":"https:\/\/worldautoauction.com\/wp-content\/uploads\/2025\/07\/Logo-Take-3.png","contentUrl":"https:\/\/worldautoauction.com\/wp-content\/uploads\/2025\/07\/Logo-Take-3.png","width":140,"height":140,"caption":"World Auto Auction"},"image":{"@id":"https:\/\/worldautoauction.com\/es\/#\/schema\/logo\/image\/"},"sameAs":["https:\/\/www.facebook.com\/Worldautoauction\/","https:\/\/x.com\/WAutoAuction","https:\/\/www.youtube.com\/@WorldAutoAuction"]}]}},"jetpack_likes_enabled":true,"jetpack_sharing_enabled":true,"_links":{"self":[{"href":"https:\/\/worldautoauction.com\/es\/wp-json\/wp\/v2\/pages\/2263","targetHints":{"allow":["GET"]}}],"collection":[{"href":"https:\/\/worldautoauction.com\/es\/wp-json\/wp\/v2\/pages"}],"about":[{"href":"https:\/\/worldautoauction.com\/es\/wp-json\/wp\/v2\/types\/page"}],"author":[{"embeddable":true,"href":"https:\/\/worldautoauction.com\/es\/wp-json\/wp\/v2\/users\/1"}],"replies":[{"embeddable":true,"href":"https:\/\/worldautoauction.com\/es\/wp-json\/wp\/v2\/comments?post=2263"}],"version-history":[{"count":1,"href":"https:\/\/worldautoauction.com\/es\/wp-json\/wp\/v2\/pages\/2263\/revisions"}],"predecessor-version":[{"id":2264,"href":"https:\/\/worldautoauction.com\/es\/wp-json\/wp\/v2\/pages\/2263\/revisions\/2264"}],"wp:attachment":[{"href":"https:\/\/worldautoauction.com\/es\/wp-json\/wp\/v2\/media?parent=2263"}],"curies":[{"name":"wp","href":"https:\/\/api.w.org\/{rel}","templated":true}]}}